{"id":372,"date":"2021-06-21T15:41:01","date_gmt":"2021-06-21T13:41:01","guid":{"rendered":"http:\/\/cap2loc.eu\/accueil\/"},"modified":"2024-11-28T18:00:20","modified_gmt":"2024-11-28T17:00:20","slug":"onthaal","status":"publish","type":"page","link":"https:\/\/cap2loc.eu\/nl\/","title":{"rendered":"De grootste Aluvision verhuur onderneming in Europa."},"content":{"rendered":"<p>Rechte frames, gebogen frames, connectoren, deuren .Leveringen in heel Europa vanuit \u00e9\u00e9n van onze operationele centra in Duitsland, Belgi\u00eb, Frankrijk en\/of Nederland.<\/p>\n","protected":false},"excerpt":{"rendered":"Rechte frames, gebogen frames, connectoren, deuren .Leveringen in heel Europa vanuit \u00e9\u00e9n van onze operationele centra in Duitsland, Belgi\u00eb, Frankrijk en\/of Nederland.","protected":false},"author":1,"featured_media":0,"parent":0,"menu_order":0,"comment_status":"closed","ping_status":"closed","template":"homepage.php","meta":[],"acf":[],"yoast_head":"<!-- This site is optimized with the Yoast SEO plugin v19.4 - https:\/\/yoast.com\/wordpress\/plugins\/seo\/ -->\n<title>Cap2Loc | Verhuur Onderneming<\/title>\n<meta name=\"description\" content=\"Rechte frames, gebogen frames, connectoren, deuren .Leveringen in heel Europa vanuit \u00e9\u00e9n van onze operationele centra in Duitsland, Belgi\u00eb, Frankrijk en\/of Nederland.\" \/>\n<meta name=\"robots\" content=\"index, follow, max-snippet:-1, max-image-preview:large, max-video-preview:-1\" \/>\n<link rel=\"canonical\" href=\"https:\/\/cap2loc.eu\/nl\/\" \/>\n<meta property=\"og:locale\" content=\"nl_NL\" \/>\n<meta property=\"og:type\" content=\"article\" \/>\n<meta property=\"og:title\" content=\"Cap2Loc | Verhuur Onderneming\" \/>\n<meta property=\"og:description\" content=\"Rechte frames, gebogen frames, connectoren, deuren .Leveringen in heel Europa vanuit \u00e9\u00e9n van onze operationele centra in Duitsland, Belgi\u00eb, Frankrijk en\/of Nederland.\" \/>\n<meta property=\"og:url\" content=\"https:\/\/cap2loc.eu\/nl\/\" \/>\n<meta property=\"og:site_name\" content=\"Cap2Loc\" \/>\n<meta property=\"article:publisher\" content=\"https:\/\/www.facebook.com\/cap2loc\" \/>\n<meta property=\"article:modified_time\" content=\"2024-11-28T17:00:20+00:00\" \/>\n<meta name=\"twitter:card\" content=\"summary_large_image\" \/>\n<script type=\"application\/ld+json\" class=\"yoast-schema-graph\">{\"@context\":\"https:\/\/schema.org\",\"@graph\":[{\"@type\":\"Organization\",\"@id\":\"https:\/\/cap2loc.eu\/nl\/#organization\",\"name\":\"Cap2Loc\",\"url\":\"https:\/\/cap2loc.eu\/nl\/\",\"sameAs\":[\"https:\/\/www.instagram.com\/cap2loc\/\",\"https:\/\/www.facebook.com\/cap2loc\"],\"logo\":{\"@type\":\"ImageObject\",\"inLanguage\":\"nl\",\"@id\":\"https:\/\/cap2loc.eu\/nl\/#\/schema\/logo\/image\/\",\"url\":\"https:\/\/cap2loc.eu\/wp-content\/uploads\/2021\/09\/social.png\",\"contentUrl\":\"https:\/\/cap2loc.eu\/wp-content\/uploads\/2021\/09\/social.png\",\"width\":1400,\"height\":912,\"caption\":\"Cap2Loc\"},\"image\":{\"@id\":\"https:\/\/cap2loc.eu\/nl\/#\/schema\/logo\/image\/\"}},{\"@type\":\"WebSite\",\"@id\":\"https:\/\/cap2loc.eu\/nl\/#website\",\"url\":\"https:\/\/cap2loc.eu\/nl\/\",\"name\":\"Cap2Loc\",\"description\":\"RENTAL SOLUTION\",\"publisher\":{\"@id\":\"https:\/\/cap2loc.eu\/nl\/#organization\"},\"potentialAction\":[{\"@type\":\"SearchAction\",\"target\":{\"@type\":\"EntryPoint\",\"urlTemplate\":\"https:\/\/cap2loc.eu\/nl\/?s={search_term_string}\"},\"query-input\":\"required name=search_term_string\"}],\"inLanguage\":\"nl\"},{\"@type\":\"WebPage\",\"@id\":\"https:\/\/cap2loc.eu\/nl\/\",\"url\":\"https:\/\/cap2loc.eu\/nl\/\",\"name\":\"Cap2Loc | Verhuur Onderneming\",\"isPartOf\":{\"@id\":\"https:\/\/cap2loc.eu\/nl\/#website\"},\"datePublished\":\"2021-06-21T13:41:01+00:00\",\"dateModified\":\"2024-11-28T17:00:20+00:00\",\"description\":\"Rechte frames, gebogen frames, connectoren, deuren .Leveringen in heel Europa vanuit \u00e9\u00e9n van onze operationele centra in Duitsland, Belgi\u00eb, Frankrijk en\/of Nederland.\",\"breadcrumb\":{\"@id\":\"https:\/\/cap2loc.eu\/nl\/#breadcrumb\"},\"inLanguage\":\"nl\",\"potentialAction\":[{\"@type\":\"ReadAction\",\"target\":[\"https:\/\/cap2loc.eu\/nl\/\"]}]},{\"@type\":\"BreadcrumbList\",\"@id\":\"https:\/\/cap2loc.eu\/nl\/#breadcrumb\",\"itemListElement\":[{\"@type\":\"ListItem\",\"position\":1,\"name\":\"Accueil\",\"item\":\"https:\/\/cap2loc.eu\/nl\/\"},{\"@type\":\"ListItem\",\"position\":2,\"name\":\"De grootste Aluvision verhuur onderneming in Europa.\"}]}]}<\/script>\n<!-- \/ Yoast SEO plugin. -->","yoast_head_json":{"title":"Cap2Loc | Verhuur Onderneming","description":"Rechte frames, gebogen frames, connectoren, deuren .Leveringen in heel Europa vanuit \u00e9\u00e9n van onze operationele centra in Duitsland, Belgi\u00eb, Frankrijk en\/of Nederland.","robots":{"index":"index","follow":"follow","max-snippet":"max-snippet:-1","max-image-preview":"max-image-preview:large","max-video-preview":"max-video-preview:-1"},"canonical":"https:\/\/cap2loc.eu\/nl\/","og_locale":"nl_NL","og_type":"article","og_title":"Cap2Loc | Verhuur Onderneming","og_description":"Rechte frames, gebogen frames, connectoren, deuren .Leveringen in heel Europa vanuit \u00e9\u00e9n van onze operationele centra in Duitsland, Belgi\u00eb, Frankrijk en\/of Nederland.","og_url":"https:\/\/cap2loc.eu\/nl\/","og_site_name":"Cap2Loc","article_publisher":"https:\/\/www.facebook.com\/cap2loc","article_modified_time":"2024-11-28T17:00:20+00:00","twitter_card":"summary_large_image","schema":{"@context":"https:\/\/schema.org","@graph":[{"@type":"Organization","@id":"https:\/\/cap2loc.eu\/nl\/#organization","name":"Cap2Loc","url":"https:\/\/cap2loc.eu\/nl\/","sameAs":["https:\/\/www.instagram.com\/cap2loc\/","https:\/\/www.facebook.com\/cap2loc"],"logo":{"@type":"ImageObject","inLanguage":"nl","@id":"https:\/\/cap2loc.eu\/nl\/#\/schema\/logo\/image\/","url":"https:\/\/cap2loc.eu\/wp-content\/uploads\/2021\/09\/social.png","contentUrl":"https:\/\/cap2loc.eu\/wp-content\/uploads\/2021\/09\/social.png","width":1400,"height":912,"caption":"Cap2Loc"},"image":{"@id":"https:\/\/cap2loc.eu\/nl\/#\/schema\/logo\/image\/"}},{"@type":"WebSite","@id":"https:\/\/cap2loc.eu\/nl\/#website","url":"https:\/\/cap2loc.eu\/nl\/","name":"Cap2Loc","description":"RENTAL SOLUTION","publisher":{"@id":"https:\/\/cap2loc.eu\/nl\/#organization"},"potentialAction":[{"@type":"SearchAction","target":{"@type":"EntryPoint","urlTemplate":"https:\/\/cap2loc.eu\/nl\/?s={search_term_string}"},"query-input":"required name=search_term_string"}],"inLanguage":"nl"},{"@type":"WebPage","@id":"https:\/\/cap2loc.eu\/nl\/","url":"https:\/\/cap2loc.eu\/nl\/","name":"Cap2Loc | Verhuur Onderneming","isPartOf":{"@id":"https:\/\/cap2loc.eu\/nl\/#website"},"datePublished":"2021-06-21T13:41:01+00:00","dateModified":"2024-11-28T17:00:20+00:00","description":"Rechte frames, gebogen frames, connectoren, deuren .Leveringen in heel Europa vanuit \u00e9\u00e9n van onze operationele centra in Duitsland, Belgi\u00eb, Frankrijk en\/of Nederland.","breadcrumb":{"@id":"https:\/\/cap2loc.eu\/nl\/#breadcrumb"},"inLanguage":"nl","potentialAction":[{"@type":"ReadAction","target":["https:\/\/cap2loc.eu\/nl\/"]}]},{"@type":"BreadcrumbList","@id":"https:\/\/cap2loc.eu\/nl\/#breadcrumb","itemListElement":[{"@type":"ListItem","position":1,"name":"Accueil","item":"https:\/\/cap2loc.eu\/nl\/"},{"@type":"ListItem","position":2,"name":"De grootste Aluvision verhuur onderneming in Europa."}]}]}},"_links":{"self":[{"href":"https:\/\/cap2loc.eu\/nl\/wp-json\/wp\/v2\/pages\/372"}],"collection":[{"href":"https:\/\/cap2loc.eu\/nl\/wp-json\/wp\/v2\/pages"}],"about":[{"href":"https:\/\/cap2loc.eu\/nl\/wp-json\/wp\/v2\/types\/page"}],"author":[{"embeddable":true,"href":"https:\/\/cap2loc.eu\/nl\/wp-json\/wp\/v2\/users\/1"}],"replies":[{"embeddable":true,"href":"https:\/\/cap2loc.eu\/nl\/wp-json\/wp\/v2\/comments?post=372"}],"version-history":[{"count":9,"href":"https:\/\/cap2loc.eu\/nl\/wp-json\/wp\/v2\/pages\/372\/revisions"}],"predecessor-version":[{"id":471,"href":"https:\/\/cap2loc.eu\/nl\/wp-json\/wp\/v2\/pages\/372\/revisions\/471"}],"wp:attachment":[{"href":"https:\/\/cap2loc.eu\/nl\/wp-json\/wp\/v2\/media?parent=372"}],"curies":[{"name":"wp","href":"https:\/\/api.w.org\/{rel}","templated":true}]}}